{"id":3241,"date":"2016-05-25T10:33:17","date_gmt":"2016-05-25T08:33:17","guid":{"rendered":"https:\/\/www.cocotine.com\/mentions-legales\/"},"modified":"2024-08-05T17:28:21","modified_gmt":"2024-08-05T15:28:21","slug":"rechtliche-hinweise","status":"publish","type":"page","link":"https:\/\/www.cocotine.com\/de\/rechtliche-hinweise\/","title":{"rendered":"Rechtliche Hinweise"},"content":{"rendered":"<h2>Herausgeber<\/h2>\n<p>Status des Unternehmens: SAS<br \/>\nFirmenname: PEP<br \/>\nCode der Gesch\u00e4ftst\u00e4tigkeit (NAF): 1089Z<br \/>\nLeitung(en) des Unternehmens: Rodolphe Millet<\/p>\n<h2>Kontakt<\/h2>\n<p>Adresse: ZI de Camagnon CS 70309<br \/>\nPostleitzahl: 56803<br \/>\nStadt: Plo\u00ebrmel cedex<br \/>\nRegion: Bretagne<br \/>\nLand: Frankreich<br \/>\nTelefon: +33 (0)2 97 72 09 99<br \/>\nEmail: \u00a0<span class=\"nospam\"><a href=\"mailto:co*****@******ne.fr\" data-original-string=\"oHfPrmu+PqoyCFb3O2\/UkQ==74bf7LzirRSMZ6wQU\/+vb6i2WhB2kDHoFAwHs9DJd1809w=\" title=\"Dieser Kontakt wurde von Anti-Spam by CleanTalk verschl\u00fcsselt. Klicken Sie hier, um ihn zu entschl\u00fcsseln. Um die Entschl\u00fcsselung abzuschlie\u00dfen, stellen Sie sicher, dass JavaScript in Ihrem Browser aktiviert ist.\"><span \n                data-original-string='mfXF2LKQtMJ3+ZCQyBeL9Q==74bYS1H+RkncDkUbMJX\/Q9fHAULSqB7\/p3RlRyPtv7vGSw='\n                class='apbct-email-encoder'\n                title='Dieser Kontakt wurde von Anti-Spam by CleanTalk verschl\u00fcsselt. Klicken Sie hier, um ihn zu entschl\u00fcsseln. Um die Entschl\u00fcsselung abzuschlie\u00dfen, stellen Sie sicher, dass JavaScript in Ihrem Browser aktiviert ist.'>co<span class=\"apbct-blur\">*****<\/span>@<span class=\"apbct-blur\">******<\/span>ne.fr<\/span><\/a><\/span><br \/>\nURL :\u00a0www.cocotine.com<\/p>\n<h2>Rechtliche Hinweise<\/h2>\n<p><strong>Verantwortlicher Herausgeber : Julien COTHENET<br \/>\n<\/strong> Email (Inhalt) : <a href=\"mailto:ex****@******ne.fr\" data-original-string=\"SGFEhgiylyqmH39oWz1giQ==74bG3ODvH18xeJ\/0UHPsTEcXDRrVdaINA1moWnGVhfxYno=\" title=\"Dieser Kontakt wurde von Anti-Spam by CleanTalk verschl\u00fcsselt. Klicken Sie hier, um ihn zu entschl\u00fcsseln. Um die Entschl\u00fcsselung abzuschlie\u00dfen, stellen Sie sicher, dass JavaScript in Ihrem Browser aktiviert ist.\"><span \n                data-original-string='2M1Y\/CXou+L7yXqBhAr8fg==74bhMpXvIXOJBoSxp3A9dDdOuprGO3bXOPiU+flGRlVXHo='\n                class='apbct-email-encoder'\n                title='Dieser Kontakt wurde von Anti-Spam by CleanTalk verschl\u00fcsselt. Klicken Sie hier, um ihn zu entschl\u00fcsseln. Um die Entschl\u00fcsselung abzuschlie\u00dfen, stellen Sie sicher, dass JavaScript in Ihrem Browser aktiviert ist.'>ex<span class=\"apbct-blur\">****<\/span>@<span class=\"apbct-blur\">******<\/span>ne.fr<\/span><\/a><\/p>\n<p><strong>Technischer Leiter\u00a0:<\/strong>\u00a0Sylvain Chevallier &#8211; Web Images Associ\u00e9es<br \/>\nEmail (technisch) : \u00a0<span class=\"nospam\"><a href=\"mailto:co*****@****ia.com\" data-original-string=\"J6csyWSOgabvzaSQmRtanw==74bZLKXzWZf7pv4LawnHuX72wERQY+RnYLj26NCEbV\/4fY=\" title=\"Dieser Kontakt wurde von Anti-Spam by CleanTalk verschl\u00fcsselt. Klicken Sie hier, um ihn zu entschl\u00fcsseln. Um die Entschl\u00fcsselung abzuschlie\u00dfen, stellen Sie sicher, dass JavaScript in Ihrem Browser aktiviert ist.\"><span \n                data-original-string='nCufkcD0pMlrKAgcTRsi2w==74bCxjy00C133cyK7uVTl94CGExzM6mqFyZA+Xexlmpus4='\n                class='apbct-email-encoder'\n                title='Dieser Kontakt wurde von Anti-Spam by CleanTalk verschl\u00fcsselt. Klicken Sie hier, um ihn zu entschl\u00fcsseln. Um die Entschl\u00fcsselung abzuschlie\u00dfen, stellen Sie sicher, dass JavaScript in Ihrem Browser aktiviert ist.'>co<span class=\"apbct-blur\">*****<\/span>@<span class=\"apbct-blur\">****<\/span>ia.com<\/span><\/a><\/span><\/p>\n<h2>Bedingungen f\u00fcr die Nutzung<\/h2>\n<p>www.cocotine.com<\/p>\n<p><strong>Projektleiter :<\/strong><strong><br \/>\n<\/strong>Vincent Gicquel f\u00fcr Web-IA<\/p>\n<p><strong>Grafische Gestaltung :<\/strong><br \/>\nLionel H\u00e9rard f\u00fcr Web-IA<\/p>\n<p><strong>Konzeption, technische Umsetzung :<\/strong><br \/>\nSylvain Chevallier, Lionel H\u00e9rard, Boris Billy, Antoine Tirouflet\u00a0 f\u00fcr Web IA &#8211; <a href=\"https:\/\/www.web-ia.com\">https:\/\/www.web-ia.com<\/a><\/p>\n<p><strong>Unterbringung :<\/strong><br \/>\nWeb Images Associ\u00e9es \u2013\u00a0<a href=\"https:\/\/www.web-ia.com\">https:\/\/www.web-ia.com<\/a><\/p>\n<p><strong>Mehrsprachige \u00dcbersetzungen :<\/strong><br \/>\n<span lang=\"FR\">LC Lingua \u2013<\/span><span lang=\"FR\">\u00a0www<\/span><span lang=\"FR\">.<\/span><span lang=\"FR\"><a href=\"http:\/\/lclingua.fr\/\" target=\"_blank\" rel=\"noopener\" data-saferedirecturl=\"https:\/\/www.google.com\/url?q=http:\/\/lclingua.fr&amp;source=gmail&amp;ust=1703347306998000&amp;usg=AOvVaw18ygKQ9hy6TROdm3XbHXI5\">lclingua.fr<\/a>\u00a0\u2013\u00a0<\/span><span lang=\"FR\">www.<a href=\"http:\/\/lclingua.com\/\" target=\"_blank\" rel=\"noopener\" data-saferedirecturl=\"https:\/\/www.google.com\/url?q=http:\/\/lclingua.com&amp;source=gmail&amp;ust=1703347306998000&amp;usg=AOvVaw2oqnkw74wBDCP8sVHo8V66\">lclingua.com<\/a><\/span><\/p>\n<p><strong>Rechtliche Bestimmungen :<\/strong><\/p>\n<p>Die verschiedenen Elemente der Website (Form, Layout, Hintergrund, Struktur) sind durch das Recht auf Zeichnungen und Modelle, das Urheberrecht, das Markenrecht sowie das Recht am eigenen Bild gesch\u00fctzt und d\u00fcrfen weder ganz noch teilweise kopiert oder nachgeahmt werden, es sei denn, https:\/\/cocotransfert.web-ia-pp.com erteilt die ausdr\u00fcckliche Genehmigung dazu.<br \/>\nWer sich nicht an die gesetzlichen Bestimmungen h\u00e4lt, macht sich des Vergehens der F\u00e4lschung schuldig und unterliegt den gesetzlich vorgesehenen strafrechtlichen Sanktionen.<\/p>\n<p><strong>Urheberrechte :<\/strong><br \/>\nDie vorliegende Website stellt ein Werk im Sinne der Artikel L. 111.1 ff. des franz\u00f6sischen Gesetzbuchs \u00fcber geistiges Eigentum dar. Die Fotografien, Texte, Logos, Piktogramme sowie alle in die Website integrierten Werke sind Eigentum von https:\/\/cocotransfert.web-ia-pp.com oder von Dritten, die https:\/\/cocotransfert.web-ia-pp.com zu deren Verwendung erm\u00e4chtigt haben. Vervielf\u00e4ltigungen, \u00dcbertragungen, \u00c4nderungen und Weiterverwendungen der Website und der darauf abgebildeten Werke auf Papier oder in elektronischer Form sind nur f\u00fcr den pers\u00f6nlichen und privaten Gebrauch gem\u00e4\u00df den Bestimmungen von Artikel L 122-5 des Gesetzes \u00fcber geistiges Eigentum (Code de la Propri\u00e9t\u00e9 Intellectuelle) gestattet. Diese Vervielf\u00e4ltigungen m\u00fcssen daher insbesondere die Quelle und den Urheber der Website und\/oder dieser Multimediawerke deutlich angeben.<\/p>\n<p>In keinem Fall d\u00fcrfen diese Vervielf\u00e4ltigungen die Rechte Dritter beeintr\u00e4chtigen. Vervielf\u00e4ltigungen, \u00dcbertragungen, \u00c4nderungen, Wiederverwendungen zu Werbe-, Handels- oder Informationszwecken der gesamten oder eines Teils der Website sind v\u00f6llig untersagt.<\/p>\n<p><strong>Recht der Datenbanken :\u00a0<\/strong><br \/>\nDatenbanken sind durch das Gesetz vom 1. Juli 1998 und das franz\u00f6sische Urheberrechtssystem gesch\u00fctzt.<\/p>\n<p>Einrichtung von Links zu <a href=\"https:\/\/www.cocotine.com\/de\/\">https:\/\/cocotransfert.web-ia-pp.com<\/a><br \/>\n<a href=\"https:\/\/www.cocotine.com\/de\/\">https:\/\/cocotransfert.web-ia-pp.com<\/a> erlaubt die Einrichtung eines Hyperlinks zur Website <a href=\"https:\/\/www.cocotine.com\/de\/\">https:\/\/cocotransfert.web-ia-pp.com<\/a> f\u00fcr alle Internetseiten, mit Ausnahme derjenigen, die Informationen mit polemischen, pornografischen oder fremdenfeindlichen Inhalten verbreiten oder die im weitesten Sinne die Sensibilit\u00e4t der gr\u00f6\u00dften Zahl von Menschen beeintr\u00e4chtigen k\u00f6nnen.<br \/>\nDie Seiten der Website <a href=\"https:\/\/www.cocotine.com\/de\/\">https:\/\/cocotransfert.web-ia-pp.com<\/a> d\u00fcrfen auf keinen Fall in die Seiten einer anderen Website integriert werden (Frame). Es sei denn, es liegt eine besondere Genehmigung vor, die von Fall zu Fall erteilt werden kann.<\/p>\n<p>Der Antrag auf Einrichtung eines Hyperlinks von der Website von <a href=\"https:\/\/www.cocotine.com\/de\/\">https:\/\/cocotransfert.web-ia-pp.com<\/a> muss per E-Mail an :\u00a0<span class=\"nospam\"><a href=\"mailto:ex****@******ne.fr\" data-original-string=\"+t285uhP2cUa6o6xWnp+Rw==74bzXjTLyg4U231594ParsTqxS2AsaKrCHec8xs5ARNlAw=\" title=\"Dieser Kontakt wurde von Anti-Spam by CleanTalk verschl\u00fcsselt. Klicken Sie hier, um ihn zu entschl\u00fcsseln. Um die Entschl\u00fcsselung abzuschlie\u00dfen, stellen Sie sicher, dass JavaScript in Ihrem Browser aktiviert ist.\"><span \n                data-original-string='81JIbCE2+zveUICixFPxeg==74bBVXgTufQDtS3vOFgItL4kW2N1GyIpFUmPXNihXSlaVo='\n                class='apbct-email-encoder'\n                title='Dieser Kontakt wurde von Anti-Spam by CleanTalk verschl\u00fcsselt. Klicken Sie hier, um ihn zu entschl\u00fcsseln. Um die Entschl\u00fcsselung abzuschlie\u00dfen, stellen Sie sicher, dass JavaScript in Ihrem Browser aktiviert ist.'>ex<span class=\"apbct-blur\">****<\/span>@<span class=\"apbct-blur\">******<\/span>ne.fr<\/span><\/a><\/span><br \/>\n<a href=\"https:\/\/www.cocotine.com\/de\/\">https:\/\/cocotransfert.web-ia-pp.com<\/a> beh\u00e4lt sich das Recht vor, die L\u00f6schung eines Links zu verlangen, wenn sie der Meinung ist, dass die Zielseite die so definierten Regeln nicht einh\u00e4lt.<\/p>\n<p>Links von der Website <a href=\"https:\/\/www.cocotine.com\/de\/\">https:\/\/cocotransfert.web-ia-pp.com<\/a> zu Websites Dritter.<br \/>\nF\u00fcr Hypertext-Links, die auf der Website zu anderen Websites und\/oder pers\u00f6nlichen Seiten und generell zu allen im Internet vorhandenen Ressourcen eingerichtet wurden, kann <a href=\"https:\/\/www.cocotine.com\/de\/\">htttps:\/\/cocotransfert.web-ia-pp.com<\/a> nicht f\u00fcr die darin enthaltenen Links oder f\u00fcr \u00c4nderungen oder Aktualisierungen haftbar gemacht werden.<\/p>\n<p><strong>Copyright :<\/strong><br \/>\nAlle Rechte vorbehalten \u00a9<a href=\"https:\/\/www.cocotine.com\/de\/\">https:\/\/cocotransfert.web-ia-pp.com<\/a> 2019. Alle Seiten der Website &#8220; <a href=\"https:\/\/www.cocotine.com\/de\/\">www.cocotine.com<\/a>&#8220; sind gesch\u00fctzt.<br \/>\nAlle Rechte der Vervielf\u00e4ltigung und Verbreitung sind vorbehalten. \u00a9 www.cocotine.com 2019.<\/p>\n<p><strong>Allgemeiner Warnhinweis :<\/strong><br \/>\nUnsere Dienste bem\u00fchen sich nach Kr\u00e4ften, den Besuchern dieser Website zuverl\u00e4ssige und gepr\u00fcfte Informationen zu bieten. Trotz aller Sorgfalt kann die Website jedoch Ungenauigkeiten, Aktualisierungsm\u00e4ngel oder Fehler enthalten. Wir danken den Nutzern der Website daf\u00fcr, dass sie uns eventuelle Auslassungen, Fehler oder Korrekturen per E-Mail an : <a href=\"mailto:ex****@******ne.fr\" data-original-string=\"SW7KwvWxokNPpDKu7UtLqQ==74bvzd5acwnhXicgrWgzrrrhRy5SYlbmYdMYkX+vtPLw4c=\" title=\"Dieser Kontakt wurde von Anti-Spam by CleanTalk verschl\u00fcsselt. Klicken Sie hier, um ihn zu entschl\u00fcsseln. Um die Entschl\u00fcsselung abzuschlie\u00dfen, stellen Sie sicher, dass JavaScript in Ihrem Browser aktiviert ist.\"><span \n                data-original-string='Pip4N2DrBzHd0Dt4rbMT+Q==74b3\/GYEBx5he4KTDiOk6uwKi1ZOXerhe48066HQ5bg7V0='\n                class='apbct-email-encoder'\n                title='Dieser Kontakt wurde von Anti-Spam by CleanTalk verschl\u00fcsselt. Klicken Sie hier, um ihn zu entschl\u00fcsseln. Um die Entschl\u00fcsselung abzuschlie\u00dfen, stellen Sie sicher, dass JavaScript in Ihrem Browser aktiviert ist.'>ex<span class=\"apbct-blur\">****<\/span>@<span class=\"apbct-blur\">******<\/span>ne.fr<\/span><\/a><\/p>\n<p>Die auf der Website <a href=\"https:\/\/www.cocotine.com\/de\/\">https:\/\/cocotransfert.web-ia-pp.com<\/a> enthaltenen Informationen einschlie\u00dflich ihres Aussehens und ihrer Merkmale sind jedoch nicht vertraglich bindend.<\/p>\n<p>Diese Informationen stellen weder eine Garantie noch eine Verpflichtung seitens <a href=\"https:\/\/www.cocotine.com\/de\/\">https:\/\/cocotransfert.web-ia-pp.com<\/a> in Bezug auf irgendein Produkt oder eine Dienstleistung dar. ASP lehnt jede ausdr\u00fcckliche oder implizite Haftung f\u00fcr deren Vollst\u00e4ndigkeit, Genauigkeit oder Eignung f\u00fcr einen bestimmten Zweck ab.<\/p>\n<p>ASP \u00fcbernimmt keine Verantwortung f\u00fcr die Angemessenheit der bereitgestellten Informationen und die m\u00f6gliche Nutzung durch einen Internetnutzer.<\/p>\n<p><strong>Cookies:<\/strong><strong><br \/>\n<\/strong><\/p>\n<p>In dieser Rubrik &#8222;COOKIES&#8220; k\u00f6nnen Sie mehr \u00fcber den Ursprung und die Verwendung der Navigationsinformationen, die bei Ihrem Besuch unserer Website verarbeitet werden, sowie \u00fcber Ihre Rechte erfahren.<\/p>\n<p>So k\u00f6nnen beim Besuch unserer Website Informationen \u00fcber Ihre Navigation in &#8222;Cookies&#8220;-Dateien gespeichert werden, die auf Ihrem Endger\u00e4t (Computer, Tablet, Smartphone usw.) installiert werden.<br \/>\nDiese Cookies werden von uns mit dem Ziel ausgegeben, Ihnen die Navigation auf unserer Website zu erleichtern. Sie k\u00f6nnen von Partnern ausgegeben werden, um das Werbeangebot, das au\u00dferhalb unserer Website an Sie gerichtet wird, zu personalisieren.Bitte beachten Sie, dass nur der Emittent eines Cookies die darin enthaltenen Informationen lesen oder \u00e4ndern kann. Wenn Sie Ihr Endger\u00e4t gemeinsam mit anderen Personen nutzen, k\u00f6nnen wir nicht sicher sein, dass die f\u00fcr Ihr Endger\u00e4t bestimmten Dienste und Werbungen Ihrer eigenen Nutzung dieses Endger\u00e4ts und nicht der Nutzung durch einen anderen Nutzer dieses Endger\u00e4ts entsprechen.<\/p>\n<ul>\n<li>Die Cookies, die wir setzen.<br \/>\nDie Cookies, die wir auf Ihrem Endger\u00e4t installieren, erm\u00f6glichen es uns, Ihren Browser zu erkennen, wenn Sie sich mit unserer Website verbinden. Um unseren Kunden den bestm\u00f6glichen Service zu bieten, setzen wir Cookies ein, um :<\/li>\n<\/ul>\n<ul>\n<li>Um Besuchsstatistiken zu erstellen (Anzahl der Besuche, der aufgerufenen Seiten, der Abbr\u00fcche im Bestellprozess usw.), um die Qualit\u00e4t unserer Dienstleistungen zu verfolgen und zu verbessern.<\/li>\n<li>Um die Darstellung unserer Website an die Anzeigepr\u00e4ferenzen Ihres Endger\u00e4ts anzupassen.<\/li>\n<li>Informationen zu speichern, die Sie in unsere Formulare eingegeben haben, den Zugang zu reservierten und pers\u00f6nlichen Bereichen wie Ihrem Konto zu verwalten und zu sichern, Ihre Bestellung zu verwalten.<\/li>\n<li>Um Ihnen Inhalte zu liefern, die Ihren Interessen entsprechen, und um unsere Angebote an Sie zu personalisieren.<\/li>\n<\/ul>\n<ul>\n<li>Cookies von Drittanbietern<br \/>\nWenn Sie auf unsere Website zugreifen, k\u00f6nnen \u00fcber die Seiten unserer Website ein oder mehrere Cookies von Partnerunternehmen (Cookies von Drittanbietern) auf Ihrem Computer abgelegt werden.<br \/>\nDie Ausgabe und Nutzung von Cookies durch Drittanbieter, unterliegen den Datenschutzrichtlinien dieser Drittanbieter. Wir haben weder Zugang noch Kontrolle \u00fcber Cookies von Drittanbietern. Wir stellen jedoch sicher, dass die Partnerunternehmen die auf den Seiten https:\/\/cocotransfert.web-ia-pp.com gesammelten Informationen ausschlie\u00dflich f\u00fcr die Zwecke von <a href=\"https:\/\/www.cocotine.com\/de\/\">https:\/\/cocotransfert.web-ia-pp.com<\/a> und unter Einhaltung des Gesetzes &#8222;Informatique et Libert\u00e9s&#8220; verarbeiten. Wir weisen Sie darauf hin, dass Sie Cookies von Drittanbietern durch eine entsprechende Einstellung Ihres Browsers ablehnen k\u00f6nnen. Diese Cookies werden von den Dienstleistern abgelegt, auf die wir zur\u00fcckgreifen, um unsere Aktivit\u00e4ten und Angebote zu f\u00f6rdern. Sie dienen dazu, die auf unserer Website angesehenen oder gekauften Produkte zu identifizieren, um das Werbeangebot, das Ihnen au\u00dferhalb der Websites <a href=\"https:\/\/www.cocotine.com\/de\/\">https:\/\/cocotransfert.web-ia-pp.com<\/a> zugesandt wird, zu personalisieren und Ihnen, wenn Sie dies bei Ihrer Anmeldung bei diesen Dienstleistern erlaubt haben, per E-Mail Angebote <a href=\"https:\/\/www.cocotine.com\/de\/\">https:\/\/cocotransfert.web-ia-pp.com<\/a> zuzusenden.<\/li>\n<li>Ihre Wahlm\u00f6glichkeiten in Bezug auf Cookies<br \/>\nEs stehen Ihnen mehrere M\u00f6glichkeiten zur Verf\u00fcgung, um Cookies zu verwalten. Jede von Ihnen vorgenommene Einstellung kann Ihre Navigation im Internet und Ihre Zugangsbedingungen zu bestimmten Diensten, die die Verwendung von Cookies erfordern, ver\u00e4ndern. Sie k\u00f6nnen Ihre W\u00fcnsche in Bezug auf Cookies jederzeit auf den unten beschriebenen Wegen \u00e4u\u00dfern und \u00e4ndern.<\/li>\n<li>1\u2022 Die Wahlm\u00f6glichkeiten, die Ihnen Ihre Browser-Software bietet :<br \/>\nSie k\u00f6nnen Ihre Browser-Software so konfigurieren, dass Cookies in Ihrem Endger\u00e4t gespeichert oder im Gegenteil abgelehnt werden, entweder systematisch oder je nach dem, von wem sie stammen. Sie k\u00f6nnen Ihre Browser-Software auch so konfigurieren, dass Ihnen die Annahme oder Ablehnung von Cookies punktuell angeboten wird, bevor ein Cookie in Ihrem Terminal gespeichert werden kann. Wir weisen Sie darauf hin, dass Sie, wenn Ihr Browser so eingestellt ist, dass er alle Cookies ablehnt, keine Buchungen vornehmen oder wesentliche Funktionen unserer Website nutzen k\u00f6nnen. Wir empfehlen Ihnen, Ihren Browser so gut wie m\u00f6glich einzustellen. Die Konfiguration jedes Browsers ist unterschiedlich. Sie wird im Hilfemen\u00fc Ihres Browsers beschrieben, in dem Sie auch erfahren, wie Sie Ihre W\u00fcnsche bez\u00fcglich der Cookies \u00e4ndern k\u00f6nnen.<\/li>\n<li>2\u2022 Ihre online ge\u00e4u\u00dferten Entscheidungen bei branchen\u00fcbergreifenden Plattformen :<br \/>\nSie k\u00f6nnen sich mit der Website <a href=\"http:\/\/www.youronlinechoices.com\">Youronlinechoices<\/a>\u00a0verbinden, die von den Fachleuten f\u00fcr digitale Werbung, die im europ\u00e4ischen Verband EDAA (European Digital Advertising Alliance) zusammengeschlossen sind, angeboten und in Frankreich vom Interactive Advertising Bureau France verwaltet wird. Diese europ\u00e4ische Plattform wird von Hunderten von Fachleuten f\u00fcr Internetwerbung gemeinsam genutzt und stellt eine zentrale Schnittstelle dar, \u00fcber die Sie Ihre Ablehnung oder Zustimmung zu den Cookies ausdr\u00fccken k\u00f6nnen, die verwendet werden, um die Werbung an die Navigation Ihres Endger\u00e4ts anzupassen. Dar\u00fcber hinaus sind die folgenden Plattformen : IAB opt-out platform, Network Advertising Initiative opt-out platform, Digital Advertising Alliance platform, erm\u00f6glichen Ihnen ebenfalls, Ihre Wahl bei allen in diese Plattformen integrierten Akteuren auszudr\u00fccken.<\/li>\n<\/ul>\n<p>Beachten Sie, dass diese Vorgehensweise die Anzeige von Werbung auf den von Ihnen besuchten Websites nicht verhindern wird. Es wird lediglich Technologien blockieren, die Werbung an Ihre Interessen anpassen.<\/p>\n<p>Weitere Infos zu den Cookies dieser Website finden Sie auf unserer Seite : <a href=\"https:\/\/www.cocotine.com\/de\/datenschutzerklaerung\/\">Datenschutzerklaerung<\/a><\/p>\n<p><strong>eine Seite erstellt von :<\/strong><\/p>\n<p><a href=\"https:\/\/www.web-ia.com\/\">Cr\u00e9ation internet \u00e0 Nantes &#8211; WEB IA<\/a><\/p>\n","protected":false},"excerpt":{"rendered":"<p>Herausgeber Status des Unternehmens: SAS Firmenname: PEP Code der Gesch\u00e4ftst\u00e4tigkeit (NAF): 1089Z Leitung(en) des Unternehmens: Rodolphe Millet Kontakt Adresse: ZI de Camagnon CS 70309 Postleitzahl: 56803 Stadt: Plo\u00ebrmel cedex Region: Bretagne Land: Frankreich Telefon: +33 (0)2 97 72 09 99 Email: \u00a0co*****@******ne.fr URL :\u00a0www.cocotine.com Rechtliche Hinweise Verantwortlicher Herausgeber : Julien COTHENET Email (Inhalt) : ex****@******ne.fr [&hellip;]<\/p>\n","protected":false},"author":2,"featured_media":0,"parent":0,"menu_order":0,"comment_status":"closed","ping_status":"open","template":"page-texte.php","meta":{"_acf_changed":false,"footnotes":""},"class_list":["post-3241","page","type-page","status-publish","hentry"],"acf":[],"yoast_head":"<!-- This site is optimized with the Yoast SEO plugin v27.3 - https:\/\/yoast.com\/product\/yoast-seo-wordpress\/ -->\n<title>Rechtliche Hinweise - Cocotine<\/title>\n<meta name=\"description\" content=\"Rechtliche Hinweise\" \/>\n<meta name=\"robots\" content=\"noindex, follow\" \/>\n<meta property=\"og:locale\" content=\"de_DE\" \/>\n<meta property=\"og:type\" content=\"article\" \/>\n<meta property=\"og:title\" content=\"Rechtliche Hinweise - Cocotine\" \/>\n<meta property=\"og:description\" content=\"Rechtliche Hinweise\" \/>\n<meta property=\"og:url\" content=\"https:\/\/www.cocotine.com\/de\/rechtliche-hinweise\/\" \/>\n<meta property=\"og:site_name\" content=\"Cocotine\" \/>\n<meta property=\"article:modified_time\" content=\"2024-08-05T15:28:21+00:00\" \/>\n<meta name=\"twitter:card\" content=\"summary_large_image\" \/>\n<meta name=\"twitter:label1\" content=\"Gesch\u00e4tzte Lesezeit\" \/>\n\t<meta name=\"twitter:data1\" content=\"8\u00a0Minuten\" \/>\n<script type=\"application\/ld+json\" class=\"yoast-schema-graph\">{\"@context\":\"https:\\\/\\\/schema.org\",\"@graph\":[{\"@type\":\"WebPage\",\"@id\":\"https:\\\/\\\/www.cocotine.com\\\/de\\\/rechtliche-hinweise\\\/\",\"url\":\"https:\\\/\\\/www.cocotine.com\\\/de\\\/rechtliche-hinweise\\\/\",\"name\":\"Rechtliche Hinweise - Cocotine\",\"isPartOf\":{\"@id\":\"https:\\\/\\\/www.cocotine.com\\\/de\\\/#website\"},\"datePublished\":\"2016-05-25T08:33:17+00:00\",\"dateModified\":\"2024-08-05T15:28:21+00:00\",\"description\":\"Rechtliche Hinweise\",\"breadcrumb\":{\"@id\":\"https:\\\/\\\/www.cocotine.com\\\/de\\\/rechtliche-hinweise\\\/#breadcrumb\"},\"inLanguage\":\"de\",\"potentialAction\":[{\"@type\":\"ReadAction\",\"target\":[\"https:\\\/\\\/www.cocotine.com\\\/de\\\/rechtliche-hinweise\\\/\"]}]},{\"@type\":\"BreadcrumbList\",\"@id\":\"https:\\\/\\\/www.cocotine.com\\\/de\\\/rechtliche-hinweise\\\/#breadcrumb\",\"itemListElement\":[{\"@type\":\"ListItem\",\"position\":1,\"name\":\"Bienvenido\",\"item\":\"https:\\\/\\\/www.cocotine.com\\\/de\\\/\"},{\"@type\":\"ListItem\",\"position\":2,\"name\":\"Rechtliche Hinweise\"}]},{\"@type\":\"WebSite\",\"@id\":\"https:\\\/\\\/www.cocotine.com\\\/de\\\/#website\",\"url\":\"https:\\\/\\\/www.cocotine.com\\\/de\\\/\",\"name\":\"Cocotine\",\"description\":\"L&#039;oeuf au coeur de la cuisine\",\"publisher\":{\"@id\":\"https:\\\/\\\/www.cocotine.com\\\/de\\\/#organization\"},\"potentialAction\":[{\"@type\":\"SearchAction\",\"target\":{\"@type\":\"EntryPoint\",\"urlTemplate\":\"https:\\\/\\\/www.cocotine.com\\\/de\\\/?s={search_term_string}\"},\"query-input\":{\"@type\":\"PropertyValueSpecification\",\"valueRequired\":true,\"valueName\":\"search_term_string\"}}],\"inLanguage\":\"de\"},{\"@type\":\"Organization\",\"@id\":\"https:\\\/\\\/www.cocotine.com\\\/de\\\/#organization\",\"name\":\"Cocotine\",\"url\":\"https:\\\/\\\/www.cocotine.com\\\/de\\\/\",\"logo\":{\"@type\":\"ImageObject\",\"inLanguage\":\"de\",\"@id\":\"https:\\\/\\\/www.cocotine.com\\\/de\\\/#\\\/schema\\\/logo\\\/image\\\/\",\"url\":\"https:\\\/\\\/www.cocotine.com\\\/wp-content\\\/uploads\\\/2019\\\/06\\\/Image-2.png\",\"contentUrl\":\"https:\\\/\\\/www.cocotine.com\\\/wp-content\\\/uploads\\\/2019\\\/06\\\/Image-2.png\",\"width\":195,\"height\":62,\"caption\":\"Cocotine\"},\"image\":{\"@id\":\"https:\\\/\\\/www.cocotine.com\\\/de\\\/#\\\/schema\\\/logo\\\/image\\\/\"}}]}<\/script>\n<!-- \/ Yoast SEO plugin. -->","yoast_head_json":{"title":"Rechtliche Hinweise - Cocotine","description":"Rechtliche Hinweise","robots":{"index":"noindex","follow":"follow"},"og_locale":"de_DE","og_type":"article","og_title":"Rechtliche Hinweise - Cocotine","og_description":"Rechtliche Hinweise","og_url":"https:\/\/www.cocotine.com\/de\/rechtliche-hinweise\/","og_site_name":"Cocotine","article_modified_time":"2024-08-05T15:28:21+00:00","twitter_card":"summary_large_image","twitter_misc":{"Gesch\u00e4tzte Lesezeit":"8\u00a0Minuten"},"schema":{"@context":"https:\/\/schema.org","@graph":[{"@type":"WebPage","@id":"https:\/\/www.cocotine.com\/de\/rechtliche-hinweise\/","url":"https:\/\/www.cocotine.com\/de\/rechtliche-hinweise\/","name":"Rechtliche Hinweise - Cocotine","isPartOf":{"@id":"https:\/\/www.cocotine.com\/de\/#website"},"datePublished":"2016-05-25T08:33:17+00:00","dateModified":"2024-08-05T15:28:21+00:00","description":"Rechtliche Hinweise","breadcrumb":{"@id":"https:\/\/www.cocotine.com\/de\/rechtliche-hinweise\/#breadcrumb"},"inLanguage":"de","potentialAction":[{"@type":"ReadAction","target":["https:\/\/www.cocotine.com\/de\/rechtliche-hinweise\/"]}]},{"@type":"BreadcrumbList","@id":"https:\/\/www.cocotine.com\/de\/rechtliche-hinweise\/#breadcrumb","itemListElement":[{"@type":"ListItem","position":1,"name":"Bienvenido","item":"https:\/\/www.cocotine.com\/de\/"},{"@type":"ListItem","position":2,"name":"Rechtliche Hinweise"}]},{"@type":"WebSite","@id":"https:\/\/www.cocotine.com\/de\/#website","url":"https:\/\/www.cocotine.com\/de\/","name":"Cocotine","description":"L&#039;oeuf au coeur de la cuisine","publisher":{"@id":"https:\/\/www.cocotine.com\/de\/#organization"},"potentialAction":[{"@type":"SearchAction","target":{"@type":"EntryPoint","urlTemplate":"https:\/\/www.cocotine.com\/de\/?s={search_term_string}"},"query-input":{"@type":"PropertyValueSpecification","valueRequired":true,"valueName":"search_term_string"}}],"inLanguage":"de"},{"@type":"Organization","@id":"https:\/\/www.cocotine.com\/de\/#organization","name":"Cocotine","url":"https:\/\/www.cocotine.com\/de\/","logo":{"@type":"ImageObject","inLanguage":"de","@id":"https:\/\/www.cocotine.com\/de\/#\/schema\/logo\/image\/","url":"https:\/\/www.cocotine.com\/wp-content\/uploads\/2019\/06\/Image-2.png","contentUrl":"https:\/\/www.cocotine.com\/wp-content\/uploads\/2019\/06\/Image-2.png","width":195,"height":62,"caption":"Cocotine"},"image":{"@id":"https:\/\/www.cocotine.com\/de\/#\/schema\/logo\/image\/"}}]}},"_links":{"self":[{"href":"https:\/\/www.cocotine.com\/de\/wp-json\/wp\/v2\/pages\/3241","targetHints":{"allow":["GET"]}}],"collection":[{"href":"https:\/\/www.cocotine.com\/de\/wp-json\/wp\/v2\/pages"}],"about":[{"href":"https:\/\/www.cocotine.com\/de\/wp-json\/wp\/v2\/types\/page"}],"author":[{"embeddable":true,"href":"https:\/\/www.cocotine.com\/de\/wp-json\/wp\/v2\/users\/2"}],"replies":[{"embeddable":true,"href":"https:\/\/www.cocotine.com\/de\/wp-json\/wp\/v2\/comments?post=3241"}],"version-history":[{"count":3,"href":"https:\/\/www.cocotine.com\/de\/wp-json\/wp\/v2\/pages\/3241\/revisions"}],"predecessor-version":[{"id":10441,"href":"https:\/\/www.cocotine.com\/de\/wp-json\/wp\/v2\/pages\/3241\/revisions\/10441"}],"wp:attachment":[{"href":"https:\/\/www.cocotine.com\/de\/wp-json\/wp\/v2\/media?parent=3241"}],"curies":[{"name":"wp","href":"https:\/\/api.w.org\/{rel}","templated":true}]}}