{"id":3306,"date":"2016-05-25T10:33:17","date_gmt":"2016-05-25T08:33:17","guid":{"rendered":"https:\/\/www.cocotine.com\/mentions-legales\/"},"modified":"2024-08-05T17:28:40","modified_gmt":"2024-08-05T15:28:40","slug":"menciones-legales","status":"publish","type":"page","link":"https:\/\/www.cocotine.com\/es\/menciones-legales\/","title":{"rendered":"Menciones legales"},"content":{"rendered":"<h2>Editorial<\/h2>\n<p>Estado de la empresa: SAS<br \/>\nNombre de la empresa: <strong>PEP<\/strong><br \/>\nC\u00f3digo de actividad (NAF): 1089Z<br \/>\nJefe(s) de la empresa: Rodolphe Millet<\/p>\n<h2>Contacto<\/h2>\n<p>Localizaci\u00f3n: ZI de Camagnon CS 70309<br \/>\nC\u00f3digo postal: 56803<br \/>\nCiudad: Plo\u00ebrmel cedex<br \/>\nRegi\u00f3n: Bretagne<br \/>\nPa\u00eds : Francia<br \/>\nTel\u00e9fono: +33 (0)2 97 72 09 99<br \/>\nCorreo electr\u00f3nico: <span class='nospam'><a href='mailto:adress&#101;&#64;&#101;ma&#105;l.c&#111;m'>adress&#101;&#64;&#101;ma&#105;l.c&#111;m<\/a><\/span><br \/>\nURL: www.cocotine.com<\/p>\n<h2>Notas legales<\/h2>\n<p><strong>Redactor: Julien COTHENET<\/strong><br \/>\nCorreo electr\u00f3nico (contenido): <span class='nospam'><a href='mailto:ad&#114;&#101;&#115;se&#64;&#101;mail.c&#111;m'>ad&#114;&#101;&#115;se&#64;&#101;mail.c&#111;m<\/a><\/span><\/p>\n<p><strong>Responsable t\u00e9cnico: Sylvain Chevallier &#8211; Web Images Associ\u00e9es<\/strong><br \/>\nCorreo electr\u00f3nico (t\u00e9cnico): <span class='nospam'><a href='mailto:&#97;d&#114;&#101;&#115;&#115;e&#64;ema&#105;l.c&#111;&#109;'>&#97;d&#114;&#101;&#115;&#115;e&#64;ema&#105;l.c&#111;&#109;<\/a><\/span><\/p>\n<h2>Condiciones de uso<\/h2>\n<p>www.cocotine.com<\/p>\n<p><strong>Jefe de proyecto :<\/strong><br \/>\nVincent Gicquel para Web-IA<\/p>\n<p><strong>Dise\u00f1o gr\u00e1fico :<\/strong><br \/>\nLionel H\u00e9rard para Web-IA<\/p>\n<p><strong>Dise\u00f1o y producci\u00f3n t\u00e9cnica :<\/strong><br \/>\nSylvain Chevallier, Lionel H\u00e9rard, Boris Billy, Antoine Tirouflet para Web IA &#8211; <a href=\"https:\/\/www.web-ia.com\">https:\/\/www.web-ia.com<\/a><\/p>\n<p><strong>Alojamiento :<\/strong><br \/>\nWeb Images Associ\u00e9es \u2013\u00a0<a href=\"https:\/\/www.web-ia.com\">https:\/\/www.web-ia.com<\/a><\/p>\n<p><strong>Traducciones multiling\u00fces :<\/strong><\/p>\n<p><span lang=\"FR\">LC Lingua \u2013<\/span><span lang=\"FR\">\u00a0www<\/span><span lang=\"FR\">.<\/span><span lang=\"FR\"><a href=\"http:\/\/lclingua.fr\/\" target=\"_blank\" rel=\"noopener\" data-saferedirecturl=\"https:\/\/www.google.com\/url?q=http:\/\/lclingua.fr&amp;source=gmail&amp;ust=1703347306998000&amp;usg=AOvVaw18ygKQ9hy6TROdm3XbHXI5\">lclingua.fr<\/a>\u00a0\u2013\u00a0<\/span><span lang=\"FR\">www.<a href=\"http:\/\/lclingua.com\/\" target=\"_blank\" rel=\"noopener\" data-saferedirecturl=\"https:\/\/www.google.com\/url?q=http:\/\/lclingua.com&amp;source=gmail&amp;ust=1703347306998000&amp;usg=AOvVaw2oqnkw74wBDCP8sVHo8V66\">lclingua.com<\/a><\/span><\/p>\n<p><strong>Disposiciones legales :<\/strong><\/p>\n<p>Los distintos elementos del sitio web (forma, presentaci\u00f3n, contenido, estructura) est\u00e1n protegidos por derechos de dise\u00f1o, derechos de autor, derechos de marca y derechos de imagen, y no pueden copiarse ni imitarse total o parcialmente sin la autorizaci\u00f3n expresa de https:\/\/cocotransfert.web-ia-pp.com.<br \/>\nToda persona que no respete las disposiciones legales incurrir\u00e1 en un delito de falsificaci\u00f3n y se expondr\u00e1 a las sanciones penales previstas por la ley.<\/p>\n<p><strong>Derechos de autor :<\/strong><\/p>\n<p>Este sitio constituye una obra en el sentido de los art\u00edculos L. 111.1 y siguientes del C\u00f3digo franc\u00e9s de la Propiedad Intelectual. Las fotograf\u00edas, textos, logotipos, pictogramas y todas las dem\u00e1s obras incorporadas al sitio son propiedad de https:\/\/cocotransfert.web-ia-pp.com o de terceros que hayan autorizado a https:\/\/cocotransfert.web-ia-pp.com a utilizarlos. Las reproducciones, transmisiones, modificaciones y reutilizaciones, en papel o por v\u00eda electr\u00f3nica, de dicho sitio y de las obras reproducidas en \u00e9l s\u00f3lo est\u00e1n autorizadas para uso personal y privado, de conformidad con las disposiciones del art\u00edculo L 122-5 del C\u00f3digo franc\u00e9s de la Propiedad Intelectual. Estas reproducciones deber\u00e1n indicar claramente la fuente y el autor del sitio y\/o de estas obras multimedia.<\/p>\n<p>Estas reproducciones no podr\u00e1n en ning\u00fan caso perjudicar los derechos de terceros. Queda terminantemente prohibida la reproducci\u00f3n, transmisi\u00f3n, modificaci\u00f3n o reutilizaci\u00f3n total o parcial del sitio con fines publicitarios, comerciales o informativos.<\/p>\n<p><strong>Legislaci\u00f3n sobre bases de datos :\u00a0<\/strong><br \/>\nLas bases de datos est\u00e1n protegidas por la ley de 1 de julio de 1998 y el r\u00e9gimen franc\u00e9s de derechos de autor.<\/p>\n<p>Enlaces hacia el sitio https:\/\/www.cocotine.com<br \/>\n<a href=\"https:\/\/www.cocotine.com\/es\/\">https:\/\/cocotransfert.web-ia-pp.com<\/a> autoriza la creaci\u00f3n de un enlace de hipertexto hacia el sitio <a href=\"https:\/\/www.cocotine.com\/es\/\">https:\/\/cocotransfert.web-ia-pp.com<\/a> para todos los sitios web, a excepci\u00f3n de aquellos que difundan informaciones de car\u00e1cter pol\u00e9mico, pornogr\u00e1fico, xen\u00f3fobo o que puedan, en mayor medida, herir la sensibilidad del p\u00fablico en general.<br \/>\nLas p\u00e1ginas del sitio <a href=\"https:\/\/www.cocotine.com\/es\/\">https:\/\/cocotransfert.web-ia-pp.com<\/a> no deben integrarse en ning\u00fan caso en las p\u00e1ginas de otro sitio (Frame). Salvo autorizaci\u00f3n espec\u00edfica concedida caso por caso.<\/p>\n<p>Las solicitudes para establecer un enlace de hipertexto desde el sitio web <a href=\"https:\/\/www.cocotine.com\/es\/\">https:\/\/cocotransfert.web-ia-pp.com<\/a> deben hacerse por correo electr\u00f3nico a\u00a0<a href=\"mailto:co*****@******ne.fr\" data-original-string=\"hAW74EChxBRv7uUdOZvW3A==74bzmDJRJ7UdtRdF0ZX88wMvFqfGbT3kA9SFXCjbYvdey8=\" title=\"Este contacto ha sido codificado por Anti-Spam by CleanTalk. Haz clic para decodificar. Para finalizar la decodificaci\u00f3n, aseg\u00farate de que JavaScript est\u00e1 activado en tu navegador.\"><span \n                data-original-string='1vs+ao1GUanpaTCwazYZcw==74bMV5HVxGxujnN23BlRrFCDuhhVAMoPx1I5sgFec8E3QQ='\n                class='apbct-email-encoder'\n                title='Este contacto ha sido codificado por Anti-Spam by CleanTalk. Haz clic para decodificar. Para finalizar la decodificaci\u00f3n, aseg\u00farate de que JavaScript est\u00e1 activado en tu navegador.'>co<span class=\"apbct-blur\">*****<\/span>@<span class=\"apbct-blur\">******<\/span>ne.fr<\/span><\/a>\u00a0.<\/p>\n<p><a href=\"https:\/\/www.cocotine.com\/es\/\">https:\/\/cocotransfert.web-ia-pp.com<\/a> se reserva el derecho de solicitar la supresi\u00f3n de un enlace si considera que el sitio de destino no cumple las normas definidas anteriormente.<\/p>\n<p>Enlaces a sitios de terceros desde el sitio <a href=\"https:\/\/www.cocotine.com\/es\/\">https:\/\/cocotransfert.web-ia-pp.com<\/a><br \/>\n<a href=\"https:\/\/www.cocotine.com\/es\/\">htttps:\/\/cocotransfert.web-ia-pp.com<\/a> no se hace responsable de los enlaces de hipertexto dentro del sitio que conduzcan a otros sitios y\/o p\u00e1ginas personales y, en general, a todos los recursos existentes en Internet, de los enlaces que contengan ni de las modificaciones o actualizaciones que se realicen en ellos.<\/p>\n<p><strong>Copyright :<\/strong><br \/>\nTodos los derechos reservados <a href=\"https:\/\/www.cocotine.com\/es\/\">\u00a9https:\/\/cocotransfert.web-ia-pp.com<\/a> 2019. Todas las p\u00e1ginas del sitio web \u00bb <a href=\"https:\/\/www.cocotine.com\/es\/\">www.cocotine.com<\/a> \u00bb est\u00e1n protegidas.<br \/>\nReservados todos los derechos de reproducci\u00f3n y distribuci\u00f3n. \u00a9 www.cocotine.com 2019.<\/p>\n<p><strong>Advertencia general :<\/strong><br \/>\nNuestros departamentos hacen todo lo posible por proporcionar a los visitantes de este sitio web informaci\u00f3n fiable y verificada. Sin embargo, a pesar de todo el cuidado puesto en ello, el sitio puede contener inexactitudes, informaci\u00f3n desactualizada o errores. Agradecer\u00edamos a los usuarios del sitio que nos informaran de cualquier omisi\u00f3n, error o correcci\u00f3n por correo electr\u00f3nico a : <span class='nospam'><a href='mailto:&#97;&#100;r&#101;&#115;se&#64;&#101;&#109;&#97;i&#108;.&#99;om'>&#97;&#100;r&#101;&#115;se&#64;&#101;&#109;&#97;i&#108;.&#99;om<\/a><\/span><\/p>\n<p>No obstante, la informaci\u00f3n contenida en el sitio web <a href=\"https:\/\/www.cocotine.com\/es\/\">https:\/\/cocotransfert.web-ia-pp.com<\/a>, incluida su apariencia y caracter\u00edsticas, no tiene car\u00e1cter contractual.<\/p>\n<p>Esta informaci\u00f3n no constituye ni una garant\u00eda ni un compromiso por parte de <a href=\"https:\/\/www.cocotine.com\/es\/\">https:\/\/cocotransfert.web-ia-pp.com<\/a> con respecto a ning\u00fan producto o servicio, y ASP declina toda responsabilidad, expresa o impl\u00edcita, en cuanto a su exhaustividad, exactitud o idoneidad para cualquier fin.<\/p>\n<p>ASP declina toda responsabilidad por la pertinencia de la informaci\u00f3n proporcionada y el uso que un usuario de Internet pueda hacer de ella.<\/p>\n<p><strong>Cookies:<\/strong><strong><br \/>\n<\/strong><\/p>\n<p>Esta secci\u00f3n \u00abCOOKIES\u00bb le informa sobre el origen y el uso de la informaci\u00f3n de navegaci\u00f3n procesada cuando visita nuestro sitio y sobre sus derechos.<\/p>\n<p>Cuando visita nuestro sitio, la informaci\u00f3n relativa a su navegaci\u00f3n puede quedar registrada en archivos \u00abcookie\u00bb instalados en su terminal (ordenador, tableta, smartphone, etc.).<br \/>\nEstas cookies son emitidas por nosotros para facilitar su navegaci\u00f3n en nuestro sitio. Pueden ser emitidas por socios con el fin de personalizar la oferta publicitaria que se le env\u00eda fuera de nuestro sitio.<\/p>\n<p>Tenga en cuenta que s\u00f3lo el emisor de una cookie puede leer o modificar la informaci\u00f3n contenida en ella. Si comparte el uso de su terminal con otras personas, no podemos estar seguros de que los servicios y la publicidad destinados a su terminal correspondan a su propio uso de este terminal y no al de otro usuario de este terminal.<\/p>\n<p>Las cookies que emitimos.<br \/>\nLas cookies que instalamos en su terminal nos permiten reconocer su navegador cuando se conecta a nuestro sitio. Con el fin de ofrecer a nuestros clientes el mejor servicio posible, emitimos cookies para :<\/p>\n<ul>\n<li>Establecer estad\u00edsticas de visitas (n\u00famero de visitas, p\u00e1ginas vistas, abandonos en el proceso de pedido, etc.) para controlar y mejorar la calidad de nuestros servicios.<\/li>\n<li>Para adaptar la presentaci\u00f3n de nuestro sitio a las preferencias de visualizaci\u00f3n de su terminal.<\/li>\n<li>Para recordar la informaci\u00f3n introducida en nuestros formularios, gestionar y proteger el acceso a zonas reservadas y personales, como su cuenta, y gestionar su pedido.<\/li>\n<li>Para ofrecerle contenidos relacionados con sus intereses y personalizar las ofertas que le enviamos.<\/li>\n<\/ul>\n<ul>\n<li>Les Cookies tiers<br \/>\nCuando acceda a nuestro sitio web, es posible que se instalen en su ordenador una o varias cookies de empresas asociadas (cookies de terceros) a trav\u00e9s de las p\u00e1ginas de nuestro sitio.<br \/>\nLa emisi\u00f3n y el uso de cookies por parte de terceros est\u00e1n sujetos a las pol\u00edticas de protecci\u00f3n de la privacidad de estos terceros. No tenemos acceso ni control sobre las cookies de terceros. Sin embargo, nos aseguramos de que las empresas asociadas procesen la informaci\u00f3n recopilada en los sitios https:\/\/cocotransfert.web-ia-pp.com exclusivamente para los fines de https:\/\/cocotransfert.web-ia-pp.com y de conformidad con la Ley francesa de Protecci\u00f3n de Datos. Le informamos de que puede rechazar las cookies de terceros configurando adecuadamente su navegador. Estas cookies son colocadas por los proveedores de servicios que utilizamos para promover nuestras actividades y ofertas. Su finalidad es identificar los productos consultados o comprados en nuestro sitio con el fin de personalizar la oferta publicitaria que se le env\u00eda fuera de los sitios https:\/\/cocotransfert.web-ia-pp.com, y enviarle, si lo ha autorizado al inscribirse en estos proveedores de servicios, ofertas de https:\/\/cocotransfert.web-ia-pp.com por correo electr\u00f3nico.<\/li>\n<li>Sus opciones en relaci\u00f3n con las cookies<br \/>\nDispone de varias opciones para gestionar las cookies. Los cambios que realice pueden afectar a su navegaci\u00f3n por Internet y a sus condiciones de acceso a determinados servicios que requieren el uso de cookies. Puede expresar y modificar sus deseos en relaci\u00f3n con las cookies en cualquier momento, por los medios que se describen a continuaci\u00f3n.<\/li>\n<li>1\u2022 Las opciones de que dispone a trav\u00e9s de su navegador :<br \/>\nPuede configurar su navegador para que las cookies se almacenen en su terminal o, por el contrario, para que se rechacen, ya sea sistem\u00e1ticamente o en funci\u00f3n de qui\u00e9n las env\u00ede. Tambi\u00e9n puede configurar su navegador para que se le ofrezca la posibilidad de aceptar o rechazar las cookies de vez en cuando, antes de que una cookie pueda almacenarse en su terminal. Tenga en cuenta que si su navegador est\u00e1 configurado para rechazar todas las cookies, no podr\u00e1 hacer reservas ni aprovechar las funciones esenciales de nuestro sitio. Le invitamos a configurar su navegador lo mejor posible. La configuraci\u00f3n de cada navegador es diferente. Se describe en el men\u00fa de ayuda de su navegador, que le indicar\u00e1 c\u00f3mo modificar sus preferencias en materia de cookies.<\/li>\n<li>2\u2022 Sus opciones expresadas en l\u00ednea a plataformas interprofesionales :<br \/>\nPuede conectarse a la p\u00e1gina <a href=\"http:\/\/www.youronlinechoices.com\">Youronlinechoices<\/a>, ofrecida por profesionales de la publicidad digital pertenecientes a la European Digital Advertising Alliance (EDAA) y gestionada en Francia por la Interactive Advertising Bureau France. Esta plataforma europea es compartida por cientos de profesionales de la publicidad en Internet y constituye una interfaz centralizada que le permite expresar su rechazo o aceptaci\u00f3n de las cookies utilizadas para adaptar la publicidad a los h\u00e1bitos de navegaci\u00f3n de su terminal. Adem\u00e1s, las siguientes plataformas : IAB opt-out platform, Network Advertising Initiative opt-out platform, Digital Advertising Alliance platform, tambi\u00e9n le permiten expresar sus opciones a todos los actores integrados en estas plataformas.<\/li>\n<\/ul>\n<p>Tenga en cuenta que este procedimiento no impedir\u00e1 la visualizaci\u00f3n de anuncios en los sitios web que visite. Solo bloquear\u00e1 las tecnolog\u00edas que permiten adaptar los anuncios a sus centros de inter\u00e9s.<\/p>\n<p>Puede obtener m\u00e1s informaci\u00f3n sobre las cookies de este sitio web en nuestra : <a href=\"https:\/\/www.cocotine.com\/es\/politica-de-confidencialidad\/\">Politica de confidencialidad<\/a><\/p>\n<p><strong>un sitio web creado por :<\/strong><\/p>\n<p><a href=\"https:\/\/www.web-ia.com\/\">Cr\u00e9ation internet \u00e0 Nantes &#8211; WEB IA<\/a><\/p>\n","protected":false},"excerpt":{"rendered":"<p>Editorial Estado de la empresa: SAS Nombre de la empresa: PEP C\u00f3digo de actividad (NAF): 1089Z Jefe(s) de la empresa: Rodolphe Millet Contacto Localizaci\u00f3n: ZI de Camagnon CS 70309 C\u00f3digo postal: 56803 Ciudad: Plo\u00ebrmel cedex Regi\u00f3n: Bretagne Pa\u00eds : Francia Tel\u00e9fono: +33 (0)2 97 72 09 99 Correo electr\u00f3nico: URL: www.cocotine.com Notas legales Redactor: Julien [&hellip;]<\/p>\n","protected":false},"author":2,"featured_media":0,"parent":0,"menu_order":0,"comment_status":"closed","ping_status":"open","template":"page-texte.php","meta":{"_acf_changed":false,"footnotes":""},"class_list":["post-3306","page","type-page","status-publish","hentry"],"acf":[],"yoast_head":"<!-- This site is optimized with the Yoast SEO plugin v27.3 - https:\/\/yoast.com\/product\/yoast-seo-wordpress\/ -->\n<title>Menciones legales - Cocotine<\/title>\n<meta name=\"description\" content=\"Menciones legales\" \/>\n<meta name=\"robots\" content=\"noindex, follow\" \/>\n<meta property=\"og:locale\" content=\"es_ES\" \/>\n<meta property=\"og:type\" content=\"article\" \/>\n<meta property=\"og:title\" content=\"Menciones legales - Cocotine\" \/>\n<meta property=\"og:description\" content=\"Menciones legales\" \/>\n<meta property=\"og:url\" content=\"https:\/\/www.cocotine.com\/es\/menciones-legales\/\" \/>\n<meta property=\"og:site_name\" content=\"Cocotine\" \/>\n<meta property=\"article:modified_time\" content=\"2024-08-05T15:28:40+00:00\" \/>\n<meta name=\"twitter:card\" content=\"summary_large_image\" \/>\n<meta name=\"twitter:label1\" content=\"Tiempo de lectura\" \/>\n\t<meta name=\"twitter:data1\" content=\"8 minutos\" \/>\n<script type=\"application\/ld+json\" class=\"yoast-schema-graph\">{\"@context\":\"https:\\\/\\\/schema.org\",\"@graph\":[{\"@type\":\"WebPage\",\"@id\":\"https:\\\/\\\/www.cocotine.com\\\/es\\\/menciones-legales\\\/\",\"url\":\"https:\\\/\\\/www.cocotine.com\\\/es\\\/menciones-legales\\\/\",\"name\":\"Menciones legales - Cocotine\",\"isPartOf\":{\"@id\":\"https:\\\/\\\/www.cocotine.com\\\/es\\\/#website\"},\"datePublished\":\"2016-05-25T08:33:17+00:00\",\"dateModified\":\"2024-08-05T15:28:40+00:00\",\"description\":\"Menciones legales\",\"breadcrumb\":{\"@id\":\"https:\\\/\\\/www.cocotine.com\\\/es\\\/menciones-legales\\\/#breadcrumb\"},\"inLanguage\":\"es\",\"potentialAction\":[{\"@type\":\"ReadAction\",\"target\":[\"https:\\\/\\\/www.cocotine.com\\\/es\\\/menciones-legales\\\/\"]}]},{\"@type\":\"BreadcrumbList\",\"@id\":\"https:\\\/\\\/www.cocotine.com\\\/es\\\/menciones-legales\\\/#breadcrumb\",\"itemListElement\":[{\"@type\":\"ListItem\",\"position\":1,\"name\":\"Bienvenido\",\"item\":\"https:\\\/\\\/www.cocotine.com\\\/es\\\/\"},{\"@type\":\"ListItem\",\"position\":2,\"name\":\"Menciones legales\"}]},{\"@type\":\"WebSite\",\"@id\":\"https:\\\/\\\/www.cocotine.com\\\/es\\\/#website\",\"url\":\"https:\\\/\\\/www.cocotine.com\\\/es\\\/\",\"name\":\"Cocotine\",\"description\":\"L&#039;oeuf au coeur de la cuisine\",\"publisher\":{\"@id\":\"https:\\\/\\\/www.cocotine.com\\\/es\\\/#organization\"},\"potentialAction\":[{\"@type\":\"SearchAction\",\"target\":{\"@type\":\"EntryPoint\",\"urlTemplate\":\"https:\\\/\\\/www.cocotine.com\\\/es\\\/?s={search_term_string}\"},\"query-input\":{\"@type\":\"PropertyValueSpecification\",\"valueRequired\":true,\"valueName\":\"search_term_string\"}}],\"inLanguage\":\"es\"},{\"@type\":\"Organization\",\"@id\":\"https:\\\/\\\/www.cocotine.com\\\/es\\\/#organization\",\"name\":\"Cocotine\",\"url\":\"https:\\\/\\\/www.cocotine.com\\\/es\\\/\",\"logo\":{\"@type\":\"ImageObject\",\"inLanguage\":\"es\",\"@id\":\"https:\\\/\\\/www.cocotine.com\\\/es\\\/#\\\/schema\\\/logo\\\/image\\\/\",\"url\":\"https:\\\/\\\/www.cocotine.com\\\/wp-content\\\/uploads\\\/2019\\\/06\\\/Image-2.png\",\"contentUrl\":\"https:\\\/\\\/www.cocotine.com\\\/wp-content\\\/uploads\\\/2019\\\/06\\\/Image-2.png\",\"width\":195,\"height\":62,\"caption\":\"Cocotine\"},\"image\":{\"@id\":\"https:\\\/\\\/www.cocotine.com\\\/es\\\/#\\\/schema\\\/logo\\\/image\\\/\"}}]}<\/script>\n<!-- \/ Yoast SEO plugin. -->","yoast_head_json":{"title":"Menciones legales - Cocotine","description":"Menciones legales","robots":{"index":"noindex","follow":"follow"},"og_locale":"es_ES","og_type":"article","og_title":"Menciones legales - Cocotine","og_description":"Menciones legales","og_url":"https:\/\/www.cocotine.com\/es\/menciones-legales\/","og_site_name":"Cocotine","article_modified_time":"2024-08-05T15:28:40+00:00","twitter_card":"summary_large_image","twitter_misc":{"Tiempo de lectura":"8 minutos"},"schema":{"@context":"https:\/\/schema.org","@graph":[{"@type":"WebPage","@id":"https:\/\/www.cocotine.com\/es\/menciones-legales\/","url":"https:\/\/www.cocotine.com\/es\/menciones-legales\/","name":"Menciones legales - Cocotine","isPartOf":{"@id":"https:\/\/www.cocotine.com\/es\/#website"},"datePublished":"2016-05-25T08:33:17+00:00","dateModified":"2024-08-05T15:28:40+00:00","description":"Menciones legales","breadcrumb":{"@id":"https:\/\/www.cocotine.com\/es\/menciones-legales\/#breadcrumb"},"inLanguage":"es","potentialAction":[{"@type":"ReadAction","target":["https:\/\/www.cocotine.com\/es\/menciones-legales\/"]}]},{"@type":"BreadcrumbList","@id":"https:\/\/www.cocotine.com\/es\/menciones-legales\/#breadcrumb","itemListElement":[{"@type":"ListItem","position":1,"name":"Bienvenido","item":"https:\/\/www.cocotine.com\/es\/"},{"@type":"ListItem","position":2,"name":"Menciones legales"}]},{"@type":"WebSite","@id":"https:\/\/www.cocotine.com\/es\/#website","url":"https:\/\/www.cocotine.com\/es\/","name":"Cocotine","description":"L&#039;oeuf au coeur de la cuisine","publisher":{"@id":"https:\/\/www.cocotine.com\/es\/#organization"},"potentialAction":[{"@type":"SearchAction","target":{"@type":"EntryPoint","urlTemplate":"https:\/\/www.cocotine.com\/es\/?s={search_term_string}"},"query-input":{"@type":"PropertyValueSpecification","valueRequired":true,"valueName":"search_term_string"}}],"inLanguage":"es"},{"@type":"Organization","@id":"https:\/\/www.cocotine.com\/es\/#organization","name":"Cocotine","url":"https:\/\/www.cocotine.com\/es\/","logo":{"@type":"ImageObject","inLanguage":"es","@id":"https:\/\/www.cocotine.com\/es\/#\/schema\/logo\/image\/","url":"https:\/\/www.cocotine.com\/wp-content\/uploads\/2019\/06\/Image-2.png","contentUrl":"https:\/\/www.cocotine.com\/wp-content\/uploads\/2019\/06\/Image-2.png","width":195,"height":62,"caption":"Cocotine"},"image":{"@id":"https:\/\/www.cocotine.com\/es\/#\/schema\/logo\/image\/"}}]}},"_links":{"self":[{"href":"https:\/\/www.cocotine.com\/es\/wp-json\/wp\/v2\/pages\/3306","targetHints":{"allow":["GET"]}}],"collection":[{"href":"https:\/\/www.cocotine.com\/es\/wp-json\/wp\/v2\/pages"}],"about":[{"href":"https:\/\/www.cocotine.com\/es\/wp-json\/wp\/v2\/types\/page"}],"author":[{"embeddable":true,"href":"https:\/\/www.cocotine.com\/es\/wp-json\/wp\/v2\/users\/2"}],"replies":[{"embeddable":true,"href":"https:\/\/www.cocotine.com\/es\/wp-json\/wp\/v2\/comments?post=3306"}],"version-history":[{"count":4,"href":"https:\/\/www.cocotine.com\/es\/wp-json\/wp\/v2\/pages\/3306\/revisions"}],"predecessor-version":[{"id":10442,"href":"https:\/\/www.cocotine.com\/es\/wp-json\/wp\/v2\/pages\/3306\/revisions\/10442"}],"wp:attachment":[{"href":"https:\/\/www.cocotine.com\/es\/wp-json\/wp\/v2\/media?parent=3306"}],"curies":[{"name":"wp","href":"https:\/\/api.w.org\/{rel}","templated":true}]}}