{"id":5708,"date":"2021-06-03T10:59:27","date_gmt":"2021-06-03T08:59:27","guid":{"rendered":"https:\/\/www.cocotine.com\/?page_id=5708"},"modified":"2021-06-04T13:45:33","modified_gmt":"2021-06-04T11:45:33","slug":"importacion-exportacion-de-ovoproductos-el-mejor-huevo-de-origen-frances","status":"publish","type":"page","link":"https:\/\/www.cocotine.com\/es\/importacion-exportacion-de-ovoproductos-el-mejor-huevo-de-origen-frances\/","title":{"rendered":"Importaci\u00f3n \/ Exportaci\u00f3n de ovoproductos: el mejor huevo de origen franc\u00e9s"},"content":{"rendered":"","protected":false},"excerpt":{"rendered":"","protected":false},"author":36,"featured_media":0,"parent":0,"menu_order":0,"comment_status":"closed","ping_status":"closed","template":"","meta":{"_acf_changed":false,"footnotes":""},"class_list":["post-5708","page","type-page","status-publish","hentry"],"acf":[],"yoast_head":"<!-- This site is optimized with the Yoast SEO plugin v27.4 - https:\/\/yoast.com\/product\/yoast-seo-wordpress\/ -->\n<title>Importaci\u00f3n \/ Exportaci\u00f3n de ovoproductos: el mejor huevo de origen franc\u00e9s - Cocotine<\/title>\n<meta name=\"description\" content=\"Detr\u00e1s de Cocotine, filial de Eureden, se encuentra un grupo de 220 ganaderos y 6 centros de producci\u00f3n en toda Francia al servicio de la restauraci\u00f3n internacional.\" \/>\n<meta name=\"robots\" content=\"index, follow, max-snippet:-1, max-image-preview:large, max-video-preview:-1\" \/>\n<link rel=\"canonical\" href=\"https:\/\/www.cocotine.com\/es\/importacion-exportacion-de-ovoproductos-el-mejor-huevo-de-origen-frances\/\" \/>\n<meta property=\"og:locale\" content=\"es_ES\" \/>\n<meta property=\"og:type\" content=\"article\" \/>\n<meta property=\"og:title\" content=\"Importaci\u00f3n \/ Exportaci\u00f3n de ovoproductos: el mejor huevo de origen franc\u00e9s - Cocotine\" \/>\n<meta property=\"og:description\" content=\"Detr\u00e1s de Cocotine, filial de Eureden, se encuentra un grupo de 220 ganaderos y 6 centros de producci\u00f3n en toda Francia al servicio de la restauraci\u00f3n internacional.\" \/>\n<meta property=\"og:url\" content=\"https:\/\/www.cocotine.com\/es\/importacion-exportacion-de-ovoproductos-el-mejor-huevo-de-origen-frances\/\" \/>\n<meta property=\"og:site_name\" content=\"Cocotine\" \/>\n<meta property=\"article:modified_time\" content=\"2021-06-04T11:45:33+00:00\" \/>\n<meta name=\"twitter:card\" content=\"summary_large_image\" \/>\n<script type=\"application\/ld+json\" class=\"yoast-schema-graph\">{\"@context\":\"https:\\\/\\\/schema.org\",\"@graph\":[{\"@type\":\"WebPage\",\"@id\":\"https:\\\/\\\/www.cocotine.com\\\/es\\\/importacion-exportacion-de-ovoproductos-el-mejor-huevo-de-origen-frances\\\/\",\"url\":\"https:\\\/\\\/www.cocotine.com\\\/es\\\/importacion-exportacion-de-ovoproductos-el-mejor-huevo-de-origen-frances\\\/\",\"name\":\"Importaci\u00f3n \\\/ Exportaci\u00f3n de ovoproductos: el mejor huevo de origen franc\u00e9s - Cocotine\",\"isPartOf\":{\"@id\":\"https:\\\/\\\/www.cocotine.com\\\/es\\\/#website\"},\"datePublished\":\"2021-06-03T08:59:27+00:00\",\"dateModified\":\"2021-06-04T11:45:33+00:00\",\"description\":\"Detr\u00e1s de Cocotine, filial de Eureden, se encuentra un grupo de 220 ganaderos y 6 centros de producci\u00f3n en toda Francia al servicio de la restauraci\u00f3n internacional.\",\"breadcrumb\":{\"@id\":\"https:\\\/\\\/www.cocotine.com\\\/es\\\/importacion-exportacion-de-ovoproductos-el-mejor-huevo-de-origen-frances\\\/#breadcrumb\"},\"inLanguage\":\"es\",\"potentialAction\":[{\"@type\":\"ReadAction\",\"target\":[\"https:\\\/\\\/www.cocotine.com\\\/es\\\/importacion-exportacion-de-ovoproductos-el-mejor-huevo-de-origen-frances\\\/\"]}]},{\"@type\":\"BreadcrumbList\",\"@id\":\"https:\\\/\\\/www.cocotine.com\\\/es\\\/importacion-exportacion-de-ovoproductos-el-mejor-huevo-de-origen-frances\\\/#breadcrumb\",\"itemListElement\":[{\"@type\":\"ListItem\",\"position\":1,\"name\":\"Bienvenido\",\"item\":\"https:\\\/\\\/www.cocotine.com\\\/es\\\/\"},{\"@type\":\"ListItem\",\"position\":2,\"name\":\"Importaci\u00f3n \\\/ Exportaci\u00f3n de ovoproductos: el mejor huevo de origen franc\u00e9s\"}]},{\"@type\":\"WebSite\",\"@id\":\"https:\\\/\\\/www.cocotine.com\\\/es\\\/#website\",\"url\":\"https:\\\/\\\/www.cocotine.com\\\/es\\\/\",\"name\":\"Cocotine\",\"description\":\"L&#039;oeuf au coeur de la cuisine\",\"publisher\":{\"@id\":\"https:\\\/\\\/www.cocotine.com\\\/es\\\/#organization\"},\"potentialAction\":[{\"@type\":\"SearchAction\",\"target\":{\"@type\":\"EntryPoint\",\"urlTemplate\":\"https:\\\/\\\/www.cocotine.com\\\/es\\\/?s={search_term_string}\"},\"query-input\":{\"@type\":\"PropertyValueSpecification\",\"valueRequired\":true,\"valueName\":\"search_term_string\"}}],\"inLanguage\":\"es\"},{\"@type\":\"Organization\",\"@id\":\"https:\\\/\\\/www.cocotine.com\\\/es\\\/#organization\",\"name\":\"Cocotine\",\"url\":\"https:\\\/\\\/www.cocotine.com\\\/es\\\/\",\"logo\":{\"@type\":\"ImageObject\",\"inLanguage\":\"es\",\"@id\":\"https:\\\/\\\/www.cocotine.com\\\/es\\\/#\\\/schema\\\/logo\\\/image\\\/\",\"url\":\"https:\\\/\\\/www.cocotine.com\\\/wp-content\\\/uploads\\\/2019\\\/06\\\/Image-2.png\",\"contentUrl\":\"https:\\\/\\\/www.cocotine.com\\\/wp-content\\\/uploads\\\/2019\\\/06\\\/Image-2.png\",\"width\":195,\"height\":62,\"caption\":\"Cocotine\"},\"image\":{\"@id\":\"https:\\\/\\\/www.cocotine.com\\\/es\\\/#\\\/schema\\\/logo\\\/image\\\/\"}}]}<\/script>\n<!-- \/ Yoast SEO plugin. -->","yoast_head_json":{"title":"Importaci\u00f3n \/ Exportaci\u00f3n de ovoproductos: el mejor huevo de origen franc\u00e9s - Cocotine","description":"Detr\u00e1s de Cocotine, filial de Eureden, se encuentra un grupo de 220 ganaderos y 6 centros de producci\u00f3n en toda Francia al servicio de la restauraci\u00f3n internacional.","robots":{"index":"index","follow":"follow","max-snippet":"max-snippet:-1","max-image-preview":"max-image-preview:large","max-video-preview":"max-video-preview:-1"},"canonical":"https:\/\/www.cocotine.com\/es\/importacion-exportacion-de-ovoproductos-el-mejor-huevo-de-origen-frances\/","og_locale":"es_ES","og_type":"article","og_title":"Importaci\u00f3n \/ Exportaci\u00f3n de ovoproductos: el mejor huevo de origen franc\u00e9s - Cocotine","og_description":"Detr\u00e1s de Cocotine, filial de Eureden, se encuentra un grupo de 220 ganaderos y 6 centros de producci\u00f3n en toda Francia al servicio de la restauraci\u00f3n internacional.","og_url":"https:\/\/www.cocotine.com\/es\/importacion-exportacion-de-ovoproductos-el-mejor-huevo-de-origen-frances\/","og_site_name":"Cocotine","article_modified_time":"2021-06-04T11:45:33+00:00","twitter_card":"summary_large_image","schema":{"@context":"https:\/\/schema.org","@graph":[{"@type":"WebPage","@id":"https:\/\/www.cocotine.com\/es\/importacion-exportacion-de-ovoproductos-el-mejor-huevo-de-origen-frances\/","url":"https:\/\/www.cocotine.com\/es\/importacion-exportacion-de-ovoproductos-el-mejor-huevo-de-origen-frances\/","name":"Importaci\u00f3n \/ Exportaci\u00f3n de ovoproductos: el mejor huevo de origen franc\u00e9s - Cocotine","isPartOf":{"@id":"https:\/\/www.cocotine.com\/es\/#website"},"datePublished":"2021-06-03T08:59:27+00:00","dateModified":"2021-06-04T11:45:33+00:00","description":"Detr\u00e1s de Cocotine, filial de Eureden, se encuentra un grupo de 220 ganaderos y 6 centros de producci\u00f3n en toda Francia al servicio de la restauraci\u00f3n internacional.","breadcrumb":{"@id":"https:\/\/www.cocotine.com\/es\/importacion-exportacion-de-ovoproductos-el-mejor-huevo-de-origen-frances\/#breadcrumb"},"inLanguage":"es","potentialAction":[{"@type":"ReadAction","target":["https:\/\/www.cocotine.com\/es\/importacion-exportacion-de-ovoproductos-el-mejor-huevo-de-origen-frances\/"]}]},{"@type":"BreadcrumbList","@id":"https:\/\/www.cocotine.com\/es\/importacion-exportacion-de-ovoproductos-el-mejor-huevo-de-origen-frances\/#breadcrumb","itemListElement":[{"@type":"ListItem","position":1,"name":"Bienvenido","item":"https:\/\/www.cocotine.com\/es\/"},{"@type":"ListItem","position":2,"name":"Importaci\u00f3n \/ Exportaci\u00f3n de ovoproductos: el mejor huevo de origen franc\u00e9s"}]},{"@type":"WebSite","@id":"https:\/\/www.cocotine.com\/es\/#website","url":"https:\/\/www.cocotine.com\/es\/","name":"Cocotine","description":"L&#039;oeuf au coeur de la cuisine","publisher":{"@id":"https:\/\/www.cocotine.com\/es\/#organization"},"potentialAction":[{"@type":"SearchAction","target":{"@type":"EntryPoint","urlTemplate":"https:\/\/www.cocotine.com\/es\/?s={search_term_string}"},"query-input":{"@type":"PropertyValueSpecification","valueRequired":true,"valueName":"search_term_string"}}],"inLanguage":"es"},{"@type":"Organization","@id":"https:\/\/www.cocotine.com\/es\/#organization","name":"Cocotine","url":"https:\/\/www.cocotine.com\/es\/","logo":{"@type":"ImageObject","inLanguage":"es","@id":"https:\/\/www.cocotine.com\/es\/#\/schema\/logo\/image\/","url":"https:\/\/www.cocotine.com\/wp-content\/uploads\/2019\/06\/Image-2.png","contentUrl":"https:\/\/www.cocotine.com\/wp-content\/uploads\/2019\/06\/Image-2.png","width":195,"height":62,"caption":"Cocotine"},"image":{"@id":"https:\/\/www.cocotine.com\/es\/#\/schema\/logo\/image\/"}}]}},"_links":{"self":[{"href":"https:\/\/www.cocotine.com\/es\/wp-json\/wp\/v2\/pages\/5708","targetHints":{"allow":["GET"]}}],"collection":[{"href":"https:\/\/www.cocotine.com\/es\/wp-json\/wp\/v2\/pages"}],"about":[{"href":"https:\/\/www.cocotine.com\/es\/wp-json\/wp\/v2\/types\/page"}],"author":[{"embeddable":true,"href":"https:\/\/www.cocotine.com\/es\/wp-json\/wp\/v2\/users\/36"}],"replies":[{"embeddable":true,"href":"https:\/\/www.cocotine.com\/es\/wp-json\/wp\/v2\/comments?post=5708"}],"version-history":[{"count":2,"href":"https:\/\/www.cocotine.com\/es\/wp-json\/wp\/v2\/pages\/5708\/revisions"}],"predecessor-version":[{"id":5740,"href":"https:\/\/www.cocotine.com\/es\/wp-json\/wp\/v2\/pages\/5708\/revisions\/5740"}],"wp:attachment":[{"href":"https:\/\/www.cocotine.com\/es\/wp-json\/wp\/v2\/media?parent=5708"}],"curies":[{"name":"wp","href":"https:\/\/api.w.org\/{rel}","templated":true}]}}