{"id":9791,"date":"2024-01-22T16:18:09","date_gmt":"2024-01-22T15:18:09","guid":{"rendered":"https:\/\/www.cocotine.com\/?page_id=9791"},"modified":"2024-01-25T09:33:08","modified_gmt":"2024-01-25T08:33:08","slug":"proveedor-de-ovoproductos-para-restauracion-colectiva","status":"publish","type":"page","link":"https:\/\/www.cocotine.com\/es\/proveedor-de-huevos-ovoproductos-frescos-y-congelados\/proveedor-de-ovoproductos-para-restauracion-colectiva\/","title":{"rendered":"Proveedor de ovoproductos elaborados y semielaborados para la restauraci\u00f3n colectiva"},"content":{"rendered":"","protected":false},"excerpt":{"rendered":"","protected":false},"author":36,"featured_media":7645,"parent":9786,"menu_order":0,"comment_status":"closed","ping_status":"closed","template":"","meta":{"_acf_changed":false,"footnotes":""},"class_list":["post-9791","page","type-page","status-publish","has-post-thumbnail","hentry"],"acf":[],"yoast_head":"<!-- This site is optimized with the Yoast SEO plugin v27.4 - https:\/\/yoast.com\/product\/yoast-seo-wordpress\/ -->\n<title>Proveedor de ovoproductos elaborados y semielaborados para la restauraci\u00f3n colectiva - Cocotine<\/title>\n<meta name=\"description\" content=\"Descubra Cocotine, una gama de ovoproductos preparados y semielaborados dise\u00f1ados para el sector de la restauraci\u00f3n.\" \/>\n<meta name=\"robots\" content=\"index, follow, max-snippet:-1, max-image-preview:large, max-video-preview:-1\" \/>\n<link rel=\"canonical\" href=\"https:\/\/www.cocotine.com\/es\/proveedor-de-huevos-ovoproductos-frescos-y-congelados\/proveedor-de-ovoproductos-para-restauracion-colectiva\/\" \/>\n<meta property=\"og:locale\" content=\"es_ES\" \/>\n<meta property=\"og:type\" content=\"article\" \/>\n<meta property=\"og:title\" content=\"Proveedor de ovoproductos elaborados y semielaborados para la restauraci\u00f3n colectiva - Cocotine\" \/>\n<meta property=\"og:description\" content=\"Descubra Cocotine, una gama de ovoproductos preparados y semielaborados dise\u00f1ados para el sector de la restauraci\u00f3n.\" \/>\n<meta property=\"og:url\" content=\"https:\/\/www.cocotine.com\/es\/proveedor-de-huevos-ovoproductos-frescos-y-congelados\/proveedor-de-ovoproductos-para-restauracion-colectiva\/\" \/>\n<meta property=\"og:site_name\" content=\"Cocotine\" \/>\n<meta property=\"article:modified_time\" content=\"2024-01-25T08:33:08+00:00\" \/>\n<meta property=\"og:image\" content=\"https:\/\/www.cocotine.com\/wp-content\/uploads\/2019\/07\/omelette-gastronome-champignons-60g-90g-135g-scaled.jpg\" \/>\n\t<meta property=\"og:image:width\" content=\"2048\" \/>\n\t<meta property=\"og:image:height\" content=\"2560\" \/>\n\t<meta property=\"og:image:type\" content=\"image\/jpeg\" \/>\n<meta name=\"twitter:card\" content=\"summary_large_image\" \/>\n<meta name=\"twitter:label1\" content=\"Tiempo de lectura\" \/>\n\t<meta name=\"twitter:data1\" content=\"1 minuto\" \/>\n<script type=\"application\/ld+json\" class=\"yoast-schema-graph\">{\"@context\":\"https:\\\/\\\/schema.org\",\"@graph\":[{\"@type\":\"WebPage\",\"@id\":\"https:\\\/\\\/www.cocotine.com\\\/es\\\/proveedor-de-huevos-ovoproductos-frescos-y-congelados\\\/proveedor-de-ovoproductos-para-restauracion-colectiva\\\/\",\"url\":\"https:\\\/\\\/www.cocotine.com\\\/es\\\/proveedor-de-huevos-ovoproductos-frescos-y-congelados\\\/proveedor-de-ovoproductos-para-restauracion-colectiva\\\/\",\"name\":\"Proveedor de ovoproductos elaborados y semielaborados para la restauraci\u00f3n colectiva - Cocotine\",\"isPartOf\":{\"@id\":\"https:\\\/\\\/www.cocotine.com\\\/es\\\/#website\"},\"primaryImageOfPage\":{\"@id\":\"https:\\\/\\\/www.cocotine.com\\\/es\\\/proveedor-de-huevos-ovoproductos-frescos-y-congelados\\\/proveedor-de-ovoproductos-para-restauracion-colectiva\\\/#primaryimage\"},\"image\":{\"@id\":\"https:\\\/\\\/www.cocotine.com\\\/es\\\/proveedor-de-huevos-ovoproductos-frescos-y-congelados\\\/proveedor-de-ovoproductos-para-restauracion-colectiva\\\/#primaryimage\"},\"thumbnailUrl\":\"https:\\\/\\\/www.cocotine.com\\\/wp-content\\\/uploads\\\/2019\\\/07\\\/omelette-gastronome-champignons-60g-90g-135g-scaled.jpg\",\"datePublished\":\"2024-01-22T15:18:09+00:00\",\"dateModified\":\"2024-01-25T08:33:08+00:00\",\"description\":\"Descubra Cocotine, una gama de ovoproductos preparados y semielaborados dise\u00f1ados para el sector de la restauraci\u00f3n.\",\"breadcrumb\":{\"@id\":\"https:\\\/\\\/www.cocotine.com\\\/es\\\/proveedor-de-huevos-ovoproductos-frescos-y-congelados\\\/proveedor-de-ovoproductos-para-restauracion-colectiva\\\/#breadcrumb\"},\"inLanguage\":\"es\",\"potentialAction\":[{\"@type\":\"ReadAction\",\"target\":[\"https:\\\/\\\/www.cocotine.com\\\/es\\\/proveedor-de-huevos-ovoproductos-frescos-y-congelados\\\/proveedor-de-ovoproductos-para-restauracion-colectiva\\\/\"]}]},{\"@type\":\"ImageObject\",\"inLanguage\":\"es\",\"@id\":\"https:\\\/\\\/www.cocotine.com\\\/es\\\/proveedor-de-huevos-ovoproductos-frescos-y-congelados\\\/proveedor-de-ovoproductos-para-restauracion-colectiva\\\/#primaryimage\",\"url\":\"https:\\\/\\\/www.cocotine.com\\\/wp-content\\\/uploads\\\/2019\\\/07\\\/omelette-gastronome-champignons-60g-90g-135g-scaled.jpg\",\"contentUrl\":\"https:\\\/\\\/www.cocotine.com\\\/wp-content\\\/uploads\\\/2019\\\/07\\\/omelette-gastronome-champignons-60g-90g-135g-scaled.jpg\",\"width\":2048,\"height\":2560},{\"@type\":\"BreadcrumbList\",\"@id\":\"https:\\\/\\\/www.cocotine.com\\\/es\\\/proveedor-de-huevos-ovoproductos-frescos-y-congelados\\\/proveedor-de-ovoproductos-para-restauracion-colectiva\\\/#breadcrumb\",\"itemListElement\":[{\"@type\":\"ListItem\",\"position\":1,\"name\":\"Bienvenido\",\"item\":\"https:\\\/\\\/www.cocotine.com\\\/es\\\/\"},{\"@type\":\"ListItem\",\"position\":2,\"name\":\"Proveedor de huevos: Ovoproductos frescos y congelados\",\"item\":\"https:\\\/\\\/www.cocotine.com\\\/es\\\/proveedor-de-huevos-ovoproductos-frescos-y-congelados\\\/\"},{\"@type\":\"ListItem\",\"position\":3,\"name\":\"Proveedor de ovoproductos elaborados y semielaborados para la restauraci\u00f3n colectiva\"}]},{\"@type\":\"WebSite\",\"@id\":\"https:\\\/\\\/www.cocotine.com\\\/es\\\/#website\",\"url\":\"https:\\\/\\\/www.cocotine.com\\\/es\\\/\",\"name\":\"Cocotine\",\"description\":\"L&#039;oeuf au coeur de la cuisine\",\"publisher\":{\"@id\":\"https:\\\/\\\/www.cocotine.com\\\/es\\\/#organization\"},\"potentialAction\":[{\"@type\":\"SearchAction\",\"target\":{\"@type\":\"EntryPoint\",\"urlTemplate\":\"https:\\\/\\\/www.cocotine.com\\\/es\\\/?s={search_term_string}\"},\"query-input\":{\"@type\":\"PropertyValueSpecification\",\"valueRequired\":true,\"valueName\":\"search_term_string\"}}],\"inLanguage\":\"es\"},{\"@type\":\"Organization\",\"@id\":\"https:\\\/\\\/www.cocotine.com\\\/es\\\/#organization\",\"name\":\"Cocotine\",\"url\":\"https:\\\/\\\/www.cocotine.com\\\/es\\\/\",\"logo\":{\"@type\":\"ImageObject\",\"inLanguage\":\"es\",\"@id\":\"https:\\\/\\\/www.cocotine.com\\\/es\\\/#\\\/schema\\\/logo\\\/image\\\/\",\"url\":\"https:\\\/\\\/www.cocotine.com\\\/wp-content\\\/uploads\\\/2019\\\/06\\\/Image-2.png\",\"contentUrl\":\"https:\\\/\\\/www.cocotine.com\\\/wp-content\\\/uploads\\\/2019\\\/06\\\/Image-2.png\",\"width\":195,\"height\":62,\"caption\":\"Cocotine\"},\"image\":{\"@id\":\"https:\\\/\\\/www.cocotine.com\\\/es\\\/#\\\/schema\\\/logo\\\/image\\\/\"}}]}<\/script>\n<!-- \/ Yoast SEO plugin. -->","yoast_head_json":{"title":"Proveedor de ovoproductos elaborados y semielaborados para la restauraci\u00f3n colectiva - Cocotine","description":"Descubra Cocotine, una gama de ovoproductos preparados y semielaborados dise\u00f1ados para el sector de la restauraci\u00f3n.","robots":{"index":"index","follow":"follow","max-snippet":"max-snippet:-1","max-image-preview":"max-image-preview:large","max-video-preview":"max-video-preview:-1"},"canonical":"https:\/\/www.cocotine.com\/es\/proveedor-de-huevos-ovoproductos-frescos-y-congelados\/proveedor-de-ovoproductos-para-restauracion-colectiva\/","og_locale":"es_ES","og_type":"article","og_title":"Proveedor de ovoproductos elaborados y semielaborados para la restauraci\u00f3n colectiva - Cocotine","og_description":"Descubra Cocotine, una gama de ovoproductos preparados y semielaborados dise\u00f1ados para el sector de la restauraci\u00f3n.","og_url":"https:\/\/www.cocotine.com\/es\/proveedor-de-huevos-ovoproductos-frescos-y-congelados\/proveedor-de-ovoproductos-para-restauracion-colectiva\/","og_site_name":"Cocotine","article_modified_time":"2024-01-25T08:33:08+00:00","og_image":[{"width":2048,"height":2560,"url":"https:\/\/www.cocotine.com\/wp-content\/uploads\/2019\/07\/omelette-gastronome-champignons-60g-90g-135g-scaled.jpg","type":"image\/jpeg"}],"twitter_card":"summary_large_image","twitter_misc":{"Tiempo de lectura":"1 minuto"},"schema":{"@context":"https:\/\/schema.org","@graph":[{"@type":"WebPage","@id":"https:\/\/www.cocotine.com\/es\/proveedor-de-huevos-ovoproductos-frescos-y-congelados\/proveedor-de-ovoproductos-para-restauracion-colectiva\/","url":"https:\/\/www.cocotine.com\/es\/proveedor-de-huevos-ovoproductos-frescos-y-congelados\/proveedor-de-ovoproductos-para-restauracion-colectiva\/","name":"Proveedor de ovoproductos elaborados y semielaborados para la restauraci\u00f3n colectiva - Cocotine","isPartOf":{"@id":"https:\/\/www.cocotine.com\/es\/#website"},"primaryImageOfPage":{"@id":"https:\/\/www.cocotine.com\/es\/proveedor-de-huevos-ovoproductos-frescos-y-congelados\/proveedor-de-ovoproductos-para-restauracion-colectiva\/#primaryimage"},"image":{"@id":"https:\/\/www.cocotine.com\/es\/proveedor-de-huevos-ovoproductos-frescos-y-congelados\/proveedor-de-ovoproductos-para-restauracion-colectiva\/#primaryimage"},"thumbnailUrl":"https:\/\/www.cocotine.com\/wp-content\/uploads\/2019\/07\/omelette-gastronome-champignons-60g-90g-135g-scaled.jpg","datePublished":"2024-01-22T15:18:09+00:00","dateModified":"2024-01-25T08:33:08+00:00","description":"Descubra Cocotine, una gama de ovoproductos preparados y semielaborados dise\u00f1ados para el sector de la restauraci\u00f3n.","breadcrumb":{"@id":"https:\/\/www.cocotine.com\/es\/proveedor-de-huevos-ovoproductos-frescos-y-congelados\/proveedor-de-ovoproductos-para-restauracion-colectiva\/#breadcrumb"},"inLanguage":"es","potentialAction":[{"@type":"ReadAction","target":["https:\/\/www.cocotine.com\/es\/proveedor-de-huevos-ovoproductos-frescos-y-congelados\/proveedor-de-ovoproductos-para-restauracion-colectiva\/"]}]},{"@type":"ImageObject","inLanguage":"es","@id":"https:\/\/www.cocotine.com\/es\/proveedor-de-huevos-ovoproductos-frescos-y-congelados\/proveedor-de-ovoproductos-para-restauracion-colectiva\/#primaryimage","url":"https:\/\/www.cocotine.com\/wp-content\/uploads\/2019\/07\/omelette-gastronome-champignons-60g-90g-135g-scaled.jpg","contentUrl":"https:\/\/www.cocotine.com\/wp-content\/uploads\/2019\/07\/omelette-gastronome-champignons-60g-90g-135g-scaled.jpg","width":2048,"height":2560},{"@type":"BreadcrumbList","@id":"https:\/\/www.cocotine.com\/es\/proveedor-de-huevos-ovoproductos-frescos-y-congelados\/proveedor-de-ovoproductos-para-restauracion-colectiva\/#breadcrumb","itemListElement":[{"@type":"ListItem","position":1,"name":"Bienvenido","item":"https:\/\/www.cocotine.com\/es\/"},{"@type":"ListItem","position":2,"name":"Proveedor de huevos: Ovoproductos frescos y congelados","item":"https:\/\/www.cocotine.com\/es\/proveedor-de-huevos-ovoproductos-frescos-y-congelados\/"},{"@type":"ListItem","position":3,"name":"Proveedor de ovoproductos elaborados y semielaborados para la restauraci\u00f3n colectiva"}]},{"@type":"WebSite","@id":"https:\/\/www.cocotine.com\/es\/#website","url":"https:\/\/www.cocotine.com\/es\/","name":"Cocotine","description":"L&#039;oeuf au coeur de la cuisine","publisher":{"@id":"https:\/\/www.cocotine.com\/es\/#organization"},"potentialAction":[{"@type":"SearchAction","target":{"@type":"EntryPoint","urlTemplate":"https:\/\/www.cocotine.com\/es\/?s={search_term_string}"},"query-input":{"@type":"PropertyValueSpecification","valueRequired":true,"valueName":"search_term_string"}}],"inLanguage":"es"},{"@type":"Organization","@id":"https:\/\/www.cocotine.com\/es\/#organization","name":"Cocotine","url":"https:\/\/www.cocotine.com\/es\/","logo":{"@type":"ImageObject","inLanguage":"es","@id":"https:\/\/www.cocotine.com\/es\/#\/schema\/logo\/image\/","url":"https:\/\/www.cocotine.com\/wp-content\/uploads\/2019\/06\/Image-2.png","contentUrl":"https:\/\/www.cocotine.com\/wp-content\/uploads\/2019\/06\/Image-2.png","width":195,"height":62,"caption":"Cocotine"},"image":{"@id":"https:\/\/www.cocotine.com\/es\/#\/schema\/logo\/image\/"}}]}},"_links":{"self":[{"href":"https:\/\/www.cocotine.com\/es\/wp-json\/wp\/v2\/pages\/9791","targetHints":{"allow":["GET"]}}],"collection":[{"href":"https:\/\/www.cocotine.com\/es\/wp-json\/wp\/v2\/pages"}],"about":[{"href":"https:\/\/www.cocotine.com\/es\/wp-json\/wp\/v2\/types\/page"}],"author":[{"embeddable":true,"href":"https:\/\/www.cocotine.com\/es\/wp-json\/wp\/v2\/users\/36"}],"replies":[{"embeddable":true,"href":"https:\/\/www.cocotine.com\/es\/wp-json\/wp\/v2\/comments?post=9791"}],"version-history":[{"count":2,"href":"https:\/\/www.cocotine.com\/es\/wp-json\/wp\/v2\/pages\/9791\/revisions"}],"predecessor-version":[{"id":9799,"href":"https:\/\/www.cocotine.com\/es\/wp-json\/wp\/v2\/pages\/9791\/revisions\/9799"}],"up":[{"embeddable":true,"href":"https:\/\/www.cocotine.com\/es\/wp-json\/wp\/v2\/pages\/9786"}],"wp:featuredmedia":[{"embeddable":true,"href":"https:\/\/www.cocotine.com\/es\/wp-json\/wp\/v2\/media\/7645"}],"wp:attachment":[{"href":"https:\/\/www.cocotine.com\/es\/wp-json\/wp\/v2\/media?parent=9791"}],"curies":[{"name":"wp","href":"https:\/\/api.w.org\/{rel}","templated":true}]}}